{"id":94,"date":"2022-10-14T13:20:51","date_gmt":"2022-10-14T11:20:51","guid":{"rendered":"https:\/\/bm-cosmetic.de\/?page_id=94"},"modified":"2022-10-18T10:42:02","modified_gmt":"2022-10-18T08:42:02","slug":"impressum","status":"publish","type":"page","link":"https:\/\/bm-cosmetic.de\/?page_id=94","title":{"rendered":"Impressum"},"content":{"rendered":"\n<div id=\"wp-block-themeisle-blocks-advanced-columns-85cd5640\" class=\"wp-block-themeisle-blocks-advanced-columns has-1-columns has-desktop-equal-layout has-tablet-equal-layout has-mobile-equal-layout has-vertical-unset\"><div class=\"wp-block-themeisle-blocks-advanced-columns-overlay\"><\/div><div class=\"innerblocks-wrap\">\n<div id=\"wp-block-themeisle-blocks-advanced-column-6d10ded5\" class=\"wp-block-themeisle-blocks-advanced-column\">\n<p><strong>Gesetzliche Anbieterkennung:<\/strong><br><br><strong>BM Beauty &amp; More GmbH<\/strong><br><strong>Inhaber: <\/strong>Erguen Koektuerk<strong><br>Gewerkenstr. 34<br>45881 Gelsenkirchen<br>Deutschland<\/strong><br><br><strong>Telefon:<\/strong> +49 209 972 99 570<br><strong>Telefax: <\/strong>+49 209 972 99 579<strong><br>E-Mail: <\/strong>service@bm-cosmetic.de<br><strong><br>USt-IdNr.: DE 328274746<\/strong><br><strong>eingetragen im Handelsregister des Amtsgerichtes Gelsenkirchen<br>Handelsregisternummer HRB 15563<\/strong><br><br><br><br><br><br><strong>Alternative Streitbeilegung:<\/strong><br>Die Europ\u00e4ische Kommission stellt eine Plattform f\u00fcr die au\u00dfergerichtliche Online-Streitbeilegung (OS-Plattform) bereit, aufrufbar unter&nbsp;<a rel=\"noreferrer noopener\" href=\"https:\/\/ec.europa.eu\/consumers\/odr\" target=\"_blank\">https:\/\/ec.europa.eu\/odr<\/a>.<br><br><strong>Wir sind seit&nbsp;24.07.2015&nbsp;Mitglied der Initiative &#8222;FairCommerce&#8220;.<\/strong><br>N\u00e4here Informationen hierzu finden Sie unter&nbsp;<a rel=\"noreferrer noopener\" href=\"https:\/\/www.fair-commerce.de\/\" target=\"_blank\">www.fair-commerce.de<\/a>.<\/p>\n<\/div>\n<\/div><\/div>\n","protected":false},"excerpt":{"rendered":"","protected":false},"author":1,"featured_media":0,"parent":0,"menu_order":0,"comment_status":"closed","ping_status":"closed","template":"","meta":{"_themeisle_gutenberg_block_has_review":false,"footnotes":""},"class_list":["post-94","page","type-page","status-publish","hentry"],"_links":{"self":[{"href":"https:\/\/bm-cosmetic.de\/index.php?rest_route=\/wp\/v2\/pages\/94","targetHints":{"allow":["GET"]}}],"collection":[{"href":"https:\/\/bm-cosmetic.de\/index.php?rest_route=\/wp\/v2\/pages"}],"about":[{"href":"https:\/\/bm-cosmetic.de\/index.php?rest_route=\/wp\/v2\/types\/page"}],"author":[{"embeddable":true,"href":"https:\/\/bm-cosmetic.de\/index.php?rest_route=\/wp\/v2\/users\/1"}],"replies":[{"embeddable":true,"href":"https:\/\/bm-cosmetic.de\/index.php?rest_route=%2Fwp%2Fv2%2Fcomments&post=94"}],"version-history":[{"count":3,"href":"https:\/\/bm-cosmetic.de\/index.php?rest_route=\/wp\/v2\/pages\/94\/revisions"}],"predecessor-version":[{"id":116,"href":"https:\/\/bm-cosmetic.de\/index.php?rest_route=\/wp\/v2\/pages\/94\/revisions\/116"}],"wp:attachment":[{"href":"https:\/\/bm-cosmetic.de\/index.php?rest_route=%2Fwp%2Fv2%2Fmedia&parent=94"}],"curies":[{"name":"wp","href":"https:\/\/api.w.org\/{rel}","templated":true}]}}