{"id":7,"date":"2022-09-21T12:55:08","date_gmt":"2022-09-21T10:55:08","guid":{"rendered":"https:\/\/bm-cosmetic.de\/?page_id=7"},"modified":"2025-07-28T15:32:59","modified_gmt":"2025-07-28T13:32:59","slug":"fachhandel-friseurbedarf","status":"publish","type":"page","link":"https:\/\/bm-cosmetic.de\/","title":{"rendered":"Fachhandel f\u00fcr Friseurbedarf"},"content":{"rendered":"\n<p class=\"has-text-align-center\" style=\"font-style:normal;font-weight:100\"><meta charset=\"utf-8\"><\/meta>Mit \u00fcber 20 Jahren Erfahrung f\u00fcr den Fachhandel, bietet <strong>Beauty &amp; More<\/strong> als kompetenter Partner<br>alle exklusiven und professionellen Markenprodukte f\u00fcr K\u00f6rperpflege und Kosmetik an.<\/p>\n\n\n\n<p><\/p>\n\n\n\n<p><\/p>\n\n\n\n<div style=\"height:55px\" aria-hidden=\"true\" class=\"wp-block-spacer\"><\/div>\n\n\n\n<div class=\"wp-block-group alignfull has-background\" style=\"background-color:#e5e9ec\"><div class=\"wp-block-group__inner-container is-layout-flow wp-block-group-is-layout-flow\">\n<div class=\"wp-block-columns is-layout-flex wp-container-core-columns-is-layout-9d6595d7 wp-block-columns-is-layout-flex\">\n<div class=\"wp-block-column is-vertically-aligned-center is-layout-flow wp-block-column-is-layout-flow\">\n<h4 class=\"wp-block-heading\">BM Beauty &amp; More GmbH<\/h4>\n\n\n\n<p style=\"font-style:normal;font-weight:100\">Herzlich willkommen auf der Startseite der BM Beauty &amp; More GmbH!<br>Wir freuen uns, dass Sie den Weg zu uns gefunden haben und pr\u00e4sentieren unsere Angebote aus dem bekannten und beliebten Bereichen der Friseur, Drogerie und Raumduft Branche. Gro\u00df- und Einzelhandel mit dem Plus an Erfahrung, Angebot und pers\u00f6nlichem Service.<\/p>\n\n\n\n<div class=\"wp-block-buttons is-horizontal is-content-justification-left is-layout-flex wp-container-core-buttons-is-layout-9e7a555a wp-block-buttons-is-layout-flex\">\n<div class=\"wp-block-button is-style-outline is-style-outline--1\"><a class=\"wp-block-button__link wp-element-button\" href=\"https:\/\/bm-cosmetic.de\/?page_id=8\">\u00dcber UNS<\/a><\/div>\n<\/div>\n\n\n\n<p><\/p>\n<\/div>\n\n\n\n<div class=\"wp-block-column is-layout-flow wp-block-column-is-layout-flow\">\n<div style=\"height:48px\" aria-hidden=\"true\" class=\"wp-block-spacer\"><\/div>\n\n\n\n<figure class=\"wp-block-image size-large\"><img loading=\"lazy\" decoding=\"async\" width=\"1024\" height=\"767\" src=\"https:\/\/bm-cosmetic.de\/wp-content\/uploads\/2022\/09\/Beauty_and_More_Zentralle_Empfang-1024x767.jpg\" alt=\"\" class=\"wp-image-33\" srcset=\"https:\/\/bm-cosmetic.de\/wp-content\/uploads\/2022\/09\/Beauty_and_More_Zentralle_Empfang-1024x767.jpg 1024w, https:\/\/bm-cosmetic.de\/wp-content\/uploads\/2022\/09\/Beauty_and_More_Zentralle_Empfang-300x225.jpg 300w, https:\/\/bm-cosmetic.de\/wp-content\/uploads\/2022\/09\/Beauty_and_More_Zentralle_Empfang-768x576.jpg 768w, https:\/\/bm-cosmetic.de\/wp-content\/uploads\/2022\/09\/Beauty_and_More_Zentralle_Empfang-1536x1151.jpg 1536w, https:\/\/bm-cosmetic.de\/wp-content\/uploads\/2022\/09\/Beauty_and_More_Zentralle_Empfang.jpg 1600w\" sizes=\"auto, (max-width: 1024px) 100vw, 1024px\" \/><\/figure>\n<\/div>\n<\/div>\n<\/div><\/div>\n\n\n\n<div class=\"wp-block-group alignfull\"><div class=\"wp-block-group__inner-container is-layout-flow wp-block-group-is-layout-flow\">\n<div class=\"wp-block-columns are-vertically-aligned-center is-layout-flex wp-container-core-columns-is-layout-9d6595d7 wp-block-columns-is-layout-flex\">\n<div class=\"wp-block-column is-vertically-aligned-center is-layout-flow wp-block-column-is-layout-flow\">\n<div style=\"height:48px\" aria-hidden=\"true\" class=\"wp-block-spacer\"><\/div>\n\n\n\n<figure class=\"wp-block-image size-large\"><img loading=\"lazy\" decoding=\"async\" width=\"1024\" height=\"674\" src=\"https:\/\/bm-cosmetic.de\/wp-content\/uploads\/2022\/09\/Beauty_and_More_Paket-1024x674.jpg\" alt=\"\" class=\"wp-image-67\" srcset=\"https:\/\/bm-cosmetic.de\/wp-content\/uploads\/2022\/09\/Beauty_and_More_Paket-1024x674.jpg 1024w, https:\/\/bm-cosmetic.de\/wp-content\/uploads\/2022\/09\/Beauty_and_More_Paket-300x198.jpg 300w, https:\/\/bm-cosmetic.de\/wp-content\/uploads\/2022\/09\/Beauty_and_More_Paket-768x506.jpg 768w, https:\/\/bm-cosmetic.de\/wp-content\/uploads\/2022\/09\/Beauty_and_More_Paket-1536x1011.jpg 1536w, https:\/\/bm-cosmetic.de\/wp-content\/uploads\/2022\/09\/Beauty_and_More_Paket.jpg 2000w\" sizes=\"auto, (max-width: 1024px) 100vw, 1024px\" \/><\/figure>\n<\/div>\n\n\n\n<div class=\"wp-block-column is-vertically-aligned-center is-layout-flow wp-block-column-is-layout-flow\">\n<h4 class=\"wp-block-heading\">Direkte Ansprechpartner f\u00fcr den Gro\u00dfhandel<\/h4>\n\n\n\n<p style=\"font-style:normal;font-weight:100\">Pers\u00f6nliche Beratung und Pr\u00e4sentation unserer Produkte.<br><br><br><\/p>\n\n\n\n<h4 class=\"wp-block-heading\">Schnelle und Sichere Lieferung<\/h4>\n\n\n\n<p style=\"font-style:normal;font-weight:100\">Import und Export unserer Waren werden von uns f\u00fcr Sie auf Wunsch organisiert.<\/p>\n<\/div>\n<\/div>\n<\/div><\/div>\n\n\n\n<div class=\"wp-block-group alignfull ticss-3144efbd has-black-background-color has-background has-x-large-font-size\"><div class=\"wp-block-group__inner-container is-layout-constrained wp-block-group-is-layout-constrained\">\n<p><\/p>\n\n\n\n<p><\/p>\n\n\n\n<p><\/p>\n\n\n\n<div id=\"wp-block-themeisle-blocks-slider-b64b8264\" class=\"wp-block-themeisle-blocks-slider glide ticss-aad201ad\" data-per-view=\"3\" data-gap=\"100\" data-peek=\"100\" data-autoplay=\"5000\" data-height=\"100px\" data-hide-arrows=\"false\"><div class=\"glide__track\" data-glide-el=\"track\"><div class=\"glide__slides\"><div class=\"wp-block-themeisle-blocks-slider-item-wrapper glide__slide\" tabindex=\"0\"><figure><img decoding=\"async\" class=\"wp-block-themeisle-blocks-slider-item\" src=\"https:\/\/bm-cosmetic.de\/wp-content\/uploads\/2022\/11\/bm.png\" alt=\"\" title=\"\" data-id=\"253\"\/><\/figure><\/div><div class=\"wp-block-themeisle-blocks-slider-item-wrapper glide__slide\" tabindex=\"0\"><figure><img decoding=\"async\" class=\"wp-block-themeisle-blocks-slider-item\" src=\"https:\/\/bm-cosmetic.de\/wp-content\/uploads\/2022\/11\/bmshop.png\" alt=\"\" title=\"\" data-id=\"254\"\/><\/figure><\/div><div class=\"wp-block-themeisle-blocks-slider-item-wrapper glide__slide\" tabindex=\"0\"><figure><img decoding=\"async\" class=\"wp-block-themeisle-blocks-slider-item\" src=\"https:\/\/bm-cosmetic.de\/wp-content\/uploads\/2022\/11\/careit.png\" alt=\"\" title=\"\" data-id=\"255\"\/><\/figure><\/div><div class=\"wp-block-themeisle-blocks-slider-item-wrapper glide__slide\" tabindex=\"0\"><figure><img decoding=\"async\" class=\"wp-block-themeisle-blocks-slider-item\" src=\"https:\/\/bm-cosmetic.de\/wp-content\/uploads\/2022\/11\/colorit.png\" alt=\"\" title=\"\" data-id=\"256\"\/><\/figure><\/div><div class=\"wp-block-themeisle-blocks-slider-item-wrapper glide__slide\" tabindex=\"0\"><figure><img decoding=\"async\" class=\"wp-block-themeisle-blocks-slider-item\" src=\"https:\/\/bm-cosmetic.de\/wp-content\/uploads\/2022\/11\/fresh_and_more.png\" alt=\"\" title=\"\" data-id=\"258\"\/><\/figure><\/div><div class=\"wp-block-themeisle-blocks-slider-item-wrapper glide__slide\" tabindex=\"0\"><figure><img decoding=\"async\" class=\"wp-block-themeisle-blocks-slider-item\" src=\"https:\/\/bm-cosmetic.de\/wp-content\/uploads\/2022\/11\/martinlion.png\" alt=\"\" title=\"\" data-id=\"259\"\/><\/figure><\/div><div class=\"wp-block-themeisle-blocks-slider-item-wrapper glide__slide\" tabindex=\"0\"><figure><img decoding=\"async\" class=\"wp-block-themeisle-blocks-slider-item\" src=\"https:\/\/bm-cosmetic.de\/wp-content\/uploads\/2022\/11\/tru-2.png\" alt=\"\" title=\"\" data-id=\"272\"\/><\/figure><\/div><div class=\"wp-block-themeisle-blocks-slider-item-wrapper glide__slide\" tabindex=\"0\"><figure><img decoding=\"async\" class=\"wp-block-themeisle-blocks-slider-item\" src=\"https:\/\/bm-cosmetic.de\/wp-content\/uploads\/2022\/11\/evan.png\" alt=\"\" title=\"\" data-id=\"308\"\/><\/figure><\/div><div class=\"wp-block-themeisle-blocks-slider-item-wrapper glide__slide\" tabindex=\"0\"><figure><img decoding=\"async\" class=\"wp-block-themeisle-blocks-slider-item\" src=\"https:\/\/bm-cosmetic.de\/wp-content\/uploads\/2022\/11\/roverhair.png\" alt=\"\" title=\"\" data-id=\"309\"\/><\/figure><\/div><\/div><\/div><\/div>\n<\/div><\/div>\n\n\n\n<div style=\"height:49px\" aria-hidden=\"true\" class=\"wp-block-spacer\"><\/div>\n\n\n\n<div class=\"wp-block-group alignfull\"><div class=\"wp-block-group__inner-container is-layout-constrained wp-block-group-is-layout-constrained\">\n<div class=\"wp-block-columns is-layout-flex wp-container-core-columns-is-layout-9d6595d7 wp-block-columns-is-layout-flex\">\n<div class=\"wp-block-column is-vertically-aligned-center is-layout-flow wp-block-column-is-layout-flow\">\n<p style=\"font-style:normal;font-weight:100\"><strong>Unser neuer Katalog<\/strong><br><br>Fordern Sie jetzt \u00fcber das Kontaktformular<br>unseren aktuellen Katalog.<\/p>\n<\/div>\n\n\n\n<div class=\"wp-block-column is-vertically-aligned-center is-layout-flow wp-block-column-is-layout-flow\">\n<figure class=\"wp-block-image size-full\"><img loading=\"lazy\" decoding=\"async\" width=\"500\" height=\"350\" src=\"https:\/\/bm-cosmetic.de\/wp-content\/uploads\/2023\/03\/katalog23.png\" alt=\"\" class=\"wp-image-420\" srcset=\"https:\/\/bm-cosmetic.de\/wp-content\/uploads\/2023\/03\/katalog23.png 500w, https:\/\/bm-cosmetic.de\/wp-content\/uploads\/2023\/03\/katalog23-300x210.png 300w\" sizes=\"auto, (max-width: 500px) 100vw, 500px\" \/><\/figure>\n<\/div>\n<\/div>\n<\/div><\/div>\n\n\n\n<div class=\"wp-block-cover alignfull is-light has-parallax is-position-center-center ticss-ce5291e3\" style=\"min-height:380px;aspect-ratio:unset;\"><div class=\"wp-block-cover__image-background wp-image-341 has-parallax\" style=\"background-position:50% 50%;background-image:url(https:\/\/bm-cosmetic.de\/wp-content\/uploads\/2022\/11\/Beautyandmore_Telefon-scaled.jpeg)\"><\/div><span aria-hidden=\"true\" class=\"wp-block-cover__background has-background-dim\" style=\"background-color:#e5e9ec\"><\/span><div class=\"wp-block-cover__inner-container is-layout-flow wp-block-cover-is-layout-flow\">\n<p class=\"has-text-align-center has-black-color has-text-color has-huge-font-size\" style=\"line-height:1.1\"><strong>Jetzt Kontakt aufnehmen!<\/strong><\/p>\n\n\n\n<p class=\"has-text-align-center\"><\/p>\n\n\n\n<div style=\"height:39px\" aria-hidden=\"true\" class=\"wp-block-spacer\"><\/div>\n\n\n\n<div class=\"wp-block-buttons is-horizontal is-content-justification-center is-layout-flex wp-container-core-buttons-is-layout-499968f5 wp-block-buttons-is-layout-flex\">\n<div class=\"wp-block-button is-style-outline is-style-outline--2\"><a class=\"wp-block-button__link has-white-color has-text-color wp-element-button\" href=\"https:\/\/bm-cosmetic.de\/?page_id=9\">Kontakt<\/a><\/div>\n<\/div>\n<\/div><\/div>\n","protected":false},"excerpt":{"rendered":"<p>Mit \u00fcber 20 Jahren Erfahrung f\u00fcr den Fachhandel, bietet Beauty &amp; More als kompetenter Partneralle exklusiven und professionellen Markenprodukte f\u00fcr K\u00f6rperpflege und Kosmetik an. BM Beauty &amp; More GmbH Herzlich willkommen auf der Startseite der BM Beauty &amp; More GmbH!Wir freuen uns, dass Sie den Weg zu uns gefunden haben und pr\u00e4sentieren unsere Angebote aus &hellip; <\/p>\n<p class=\"link-more\"><a href=\"https:\/\/bm-cosmetic.de\/\" class=\"more-link\">Mehr <span class=\"screen-reader-text\">\u00fcber &#8222;Fachhandel f\u00fcr Friseurbedarf&#8220; <\/span>Lesen<\/a><\/p>\n","protected":false},"author":1,"featured_media":6,"parent":0,"menu_order":0,"comment_status":"closed","ping_status":"closed","template":"","meta":{"_themeisle_gutenberg_block_has_review":false,"footnotes":""},"class_list":["post-7","page","type-page","status-publish","has-post-thumbnail","hentry"],"_links":{"self":[{"href":"https:\/\/bm-cosmetic.de\/index.php?rest_route=\/wp\/v2\/pages\/7","targetHints":{"allow":["GET"]}}],"collection":[{"href":"https:\/\/bm-cosmetic.de\/index.php?rest_route=\/wp\/v2\/pages"}],"about":[{"href":"https:\/\/bm-cosmetic.de\/index.php?rest_route=\/wp\/v2\/types\/page"}],"author":[{"embeddable":true,"href":"https:\/\/bm-cosmetic.de\/index.php?rest_route=\/wp\/v2\/users\/1"}],"replies":[{"embeddable":true,"href":"https:\/\/bm-cosmetic.de\/index.php?rest_route=%2Fwp%2Fv2%2Fcomments&post=7"}],"version-history":[{"count":54,"href":"https:\/\/bm-cosmetic.de\/index.php?rest_route=\/wp\/v2\/pages\/7\/revisions"}],"predecessor-version":[{"id":486,"href":"https:\/\/bm-cosmetic.de\/index.php?rest_route=\/wp\/v2\/pages\/7\/revisions\/486"}],"wp:featuredmedia":[{"embeddable":true,"href":"https:\/\/bm-cosmetic.de\/index.php?rest_route=\/wp\/v2\/media\/6"}],"wp:attachment":[{"href":"https:\/\/bm-cosmetic.de\/index.php?rest_route=%2Fwp%2Fv2%2Fmedia&parent=7"}],"curies":[{"name":"wp","href":"https:\/\/api.w.org\/{rel}","templated":true}]}}