{"id":144,"date":"2022-10-18T10:44:33","date_gmt":"2022-10-18T08:44:33","guid":{"rendered":"https:\/\/bm-cosmetic.de\/?page_id=144"},"modified":"2023-06-07T11:17:16","modified_gmt":"2023-06-07T09:17:16","slug":"marken","status":"publish","type":"page","link":"https:\/\/bm-cosmetic.de\/?page_id=144","title":{"rendered":"Marken"},"content":{"rendered":"\n<p class=\"has-text-align-center\" style=\"font-style:normal;font-weight:100\"><strong>Produkte<\/strong><br>Mit einer Auswahl von 15.000 Produkten bieten wir erstklassige Marken und<br>verschiedene Dienstleistungsangebote.<br><br><strong>Unsere Exklusivmarken<\/strong><br>Neben unserer umfangreichen Produktpalette bieten wir auch professionelle und<br>attraktive Exklusiv- und Eigenmarken an.<\/p>\n\n\n\n<div style=\"height:37px\" aria-hidden=\"true\" class=\"wp-block-spacer\"><\/div>\n\n\n\n<p><\/p>\n\n\n\n<div class=\"wp-block-group alignfull has-background\" style=\"background-color:#e5e9ec\"><div class=\"wp-block-group__inner-container is-layout-constrained wp-block-group-is-layout-constrained\">\n<div class=\"wp-block-columns is-layout-flex wp-container-core-columns-is-layout-9d6595d7 wp-block-columns-is-layout-flex\">\n<div class=\"wp-block-column is-vertically-aligned-center is-layout-flow wp-block-column-is-layout-flow\">\n<h3 class=\"wp-block-heading\"><strong>Fresh &amp; More<\/strong><\/h3>\n\n\n\n<p style=\"font-style:normal;font-weight:100\">Ob zu Hause, im B\u00fcro oder im Auto, mit <strong>Fresh &amp; More<\/strong> sorgen Sie f\u00fcr eine angenehme Frische an jedem Ort. Von Lufterfrischern bis hin zu Hygienemittel bieten wir ein vielf\u00e4ltiges Sortiment f\u00fcr die<br>unterschiedlichsten Bed\u00fcrfnisse. Mit wohlriechenden D\u00fcften kann man f\u00fcr Wohlbefinden und Entspannung sorgen. Das kann morgens im Bad beginnen und abends im Bett enden. Mit Fresh &amp; More duftet die Umgebung immer frisch &#8211; und das mit dem jeweiligen Lieblingsduft. Ob Raumspray, Duftstecker, Textilerfrischer bis hin zu W\u00e4scheperlen ist es Ihnen selbst \u00fcberlassen, wie sie ihre t\u00e4gliche Duftumgebung aktiv gestalten.<\/p>\n<\/div>\n\n\n\n<div class=\"wp-block-column is-vertically-aligned-center is-layout-flow wp-block-column-is-layout-flow\">\n<figure class=\"wp-block-image size-large\"><img loading=\"lazy\" decoding=\"async\" width=\"1024\" height=\"767\" src=\"https:\/\/bm-cosmetic.de\/wp-content\/uploads\/2023\/06\/Freshandmore-1024x767.jpg\" alt=\"\" class=\"wp-image-438\" srcset=\"https:\/\/bm-cosmetic.de\/wp-content\/uploads\/2023\/06\/Freshandmore-1024x767.jpg 1024w, https:\/\/bm-cosmetic.de\/wp-content\/uploads\/2023\/06\/Freshandmore-300x225.jpg 300w, https:\/\/bm-cosmetic.de\/wp-content\/uploads\/2023\/06\/Freshandmore-768x576.jpg 768w, https:\/\/bm-cosmetic.de\/wp-content\/uploads\/2023\/06\/Freshandmore-1536x1151.jpg 1536w, https:\/\/bm-cosmetic.de\/wp-content\/uploads\/2023\/06\/Freshandmore.jpg 1600w\" sizes=\"auto, (max-width: 1024px) 100vw, 1024px\" \/><\/figure>\n<\/div>\n<\/div>\n<\/div><\/div>\n\n\n\n<div style=\"height:30px\" aria-hidden=\"true\" class=\"wp-block-spacer\"><\/div>\n\n\n\n<div class=\"wp-block-group alignfull\"><div class=\"wp-block-group__inner-container is-layout-constrained wp-block-group-is-layout-constrained\">\n<div class=\"wp-block-columns is-layout-flex wp-container-core-columns-is-layout-9d6595d7 wp-block-columns-is-layout-flex\">\n<div class=\"wp-block-column is-vertically-aligned-center is-layout-flow wp-block-column-is-layout-flow\">\n<figure class=\"wp-block-image size-large\"><img loading=\"lazy\" decoding=\"async\" width=\"1024\" height=\"767\" src=\"https:\/\/bm-cosmetic.de\/wp-content\/uploads\/2022\/11\/bm-1024x767.jpg\" alt=\"\" class=\"wp-image-318\" srcset=\"https:\/\/bm-cosmetic.de\/wp-content\/uploads\/2022\/11\/bm-1024x767.jpg 1024w, https:\/\/bm-cosmetic.de\/wp-content\/uploads\/2022\/11\/bm-300x225.jpg 300w, https:\/\/bm-cosmetic.de\/wp-content\/uploads\/2022\/11\/bm-768x576.jpg 768w, https:\/\/bm-cosmetic.de\/wp-content\/uploads\/2022\/11\/bm-1536x1151.jpg 1536w, https:\/\/bm-cosmetic.de\/wp-content\/uploads\/2022\/11\/bm.jpg 1600w\" sizes=\"auto, (max-width: 1024px) 100vw, 1024px\" \/><\/figure>\n<\/div>\n\n\n\n<div class=\"wp-block-column is-vertically-aligned-center is-layout-flow wp-block-column-is-layout-flow\">\n<h3 class=\"wp-block-heading\"><strong>BM Beauty &amp; More<\/strong><\/h3>\n\n\n\n<p style=\"font-style:normal;font-weight:100\">Zum Werkzeug eines professionellen Friseursalons geh\u00f6rt selbstverst\u00e4ndlich auch das richtige Friseurzubeh\u00f6r. Neben zahlreichen Markenartikeln bieten wir mit der hauseigenen Marke <strong>BM<\/strong> das passende Friseurzubeh\u00f6r f\u00fcr professionelle Friseursalons. Auch f\u00fcr Hobbyfriseure und Privatpersonen, die auf der Suche nach qualitativ hochwertigen Produkten zu g\u00fcnstigen Preisen sind, hat BM die passenden Produkte im Sortiment. Ob K\u00e4mme, F\u00e4rbezubeh\u00f6r, Spiegel, Servicewagen, Einwegartikel, Hygieneprodukte oder sonstiges &#8211; wenn Sie hochwertige Produkte zu g\u00fcnstigen Preisen suchen, ist BM die richtige Wahl.<\/p>\n<\/div>\n<\/div>\n<\/div><\/div>\n\n\n\n<div class=\"wp-block-group alignfull has-background\" style=\"background-color:#e5e9ec\"><div class=\"wp-block-group__inner-container is-layout-constrained wp-block-group-is-layout-constrained\">\n<div class=\"wp-block-columns is-layout-flex wp-container-core-columns-is-layout-9d6595d7 wp-block-columns-is-layout-flex\">\n<div class=\"wp-block-column is-vertically-aligned-center is-layout-flow wp-block-column-is-layout-flow\">\n<h3 class=\"wp-block-heading\"><strong>www.bmshop24.de<\/strong><\/h3>\n\n\n\n<p style=\"font-style:normal;font-weight:100\"><strong>Bmshop24<\/strong> bietet rund um die Uhr ein vielf\u00e4ltiges Einkaufserlebnis f\u00fcr Friseurbedarf, Friseurzubeh\u00f6r und Drogeriebedarf &#8211; so finden Sie eine gro\u00dfe Auswahl bequem und schnell an einem Ort. Unser Sortiment umfasst Shampoos, Conditioner, Stylingprodukte, Haarfarben, D\u00fcfte, B\u00fcrsten, Gl\u00e4tteisen, Lockenst\u00e4be, Haartrockner, Haarschneidemaschinen, Rasiermesser, Lufterfrischer, Hygienemittel und vieles mehr. Bmshop24 erf\u00fcllt nahezu jeden Kundenwunsch mit einer gro\u00dfen Auswahl an Produkten und exzellentem Service. Dabei legen wir gro\u00dfen Wert auf Qualit\u00e4t und kooperieren mit Top-Marken wie K\u00e9rastase, L&#8217;Or\u00e9al Professionnel, Redken, Paul Mitchell, Wella, Professionals, Goldwell, GHD und vielen anderen. Bei uns finden Sie nicht nur Markenprodukte bekannter Hersteller, sondern auch eine gro\u00dfe Auswahl an hochwertigen Eigenmarkenprodukten.<\/p>\n<\/div>\n\n\n\n<div class=\"wp-block-column is-vertically-aligned-center is-layout-flow wp-block-column-is-layout-flow\">\n<figure class=\"wp-block-gallery has-nested-images columns-default is-cropped wp-block-gallery-1 is-layout-flex wp-block-gallery-is-layout-flex\">\n<figure class=\"wp-block-image size-large\"><img loading=\"lazy\" decoding=\"async\" width=\"1024\" height=\"767\" data-id=\"322\" src=\"https:\/\/bm-cosmetic.de\/wp-content\/uploads\/2022\/11\/bmshop-1024x767.jpg\" alt=\"\" class=\"wp-image-322\" srcset=\"https:\/\/bm-cosmetic.de\/wp-content\/uploads\/2022\/11\/bmshop-1024x767.jpg 1024w, https:\/\/bm-cosmetic.de\/wp-content\/uploads\/2022\/11\/bmshop-300x225.jpg 300w, https:\/\/bm-cosmetic.de\/wp-content\/uploads\/2022\/11\/bmshop-768x576.jpg 768w, https:\/\/bm-cosmetic.de\/wp-content\/uploads\/2022\/11\/bmshop-1536x1151.jpg 1536w, https:\/\/bm-cosmetic.de\/wp-content\/uploads\/2022\/11\/bmshop.jpg 1600w\" sizes=\"auto, (max-width: 1024px) 100vw, 1024px\" \/><\/figure>\n<\/figure>\n<\/div>\n<\/div>\n<\/div><\/div>\n\n\n\n<div style=\"height:30px\" aria-hidden=\"true\" class=\"wp-block-spacer\"><\/div>\n\n\n\n<div class=\"wp-block-group alignfull\"><div class=\"wp-block-group__inner-container is-layout-constrained wp-block-group-is-layout-constrained\">\n<div class=\"wp-block-columns is-layout-flex wp-container-core-columns-is-layout-9d6595d7 wp-block-columns-is-layout-flex\">\n<div class=\"wp-block-column is-vertically-aligned-center is-layout-flow wp-block-column-is-layout-flow\">\n<figure class=\"wp-block-image size-large\"><img loading=\"lazy\" decoding=\"async\" width=\"1024\" height=\"767\" src=\"https:\/\/bm-cosmetic.de\/wp-content\/uploads\/2022\/11\/roverhair-1024x767.jpg\" alt=\"\" class=\"wp-image-325\" srcset=\"https:\/\/bm-cosmetic.de\/wp-content\/uploads\/2022\/11\/roverhair-1024x767.jpg 1024w, https:\/\/bm-cosmetic.de\/wp-content\/uploads\/2022\/11\/roverhair-300x225.jpg 300w, https:\/\/bm-cosmetic.de\/wp-content\/uploads\/2022\/11\/roverhair-768x576.jpg 768w, https:\/\/bm-cosmetic.de\/wp-content\/uploads\/2022\/11\/roverhair-1536x1151.jpg 1536w, https:\/\/bm-cosmetic.de\/wp-content\/uploads\/2022\/11\/roverhair.jpg 1600w\" sizes=\"auto, (max-width: 1024px) 100vw, 1024px\" \/><\/figure>\n<\/div>\n\n\n\n<div class=\"wp-block-column is-vertically-aligned-center is-layout-flow wp-block-column-is-layout-flow\">\n<h3 class=\"wp-block-heading\"><strong>Roverhair<\/strong> <\/h3>\n\n\n\n<p style=\"font-style:normal;font-weight:100\">Distributor von Roverhair in Deutschland.<br><strong>Roverhair<\/strong> ist eine italienische Premium-Haarpflegemarke, die von <em>Vincento Prestia<\/em> im Jahre 1975 gegr\u00fcndet wurde und sich im Laufe der Zeit zu einer internationalen Markeentwickelt hat, die weltweit vertrieben und bekannt ist. Auf den Werten eines Familienunternehmens basiert, gilt es heute dank seiner eigenen Formulierungs- und Produktionstechnologien als f\u00fchrend bei der Schaffung funktionaler und effektiver professioneller Produkte. Die Produktlinie umfasst Shampoos, Conditioner, Ampullen Masken, Seren und vieles mehr. Alle Roverhair-Produkte werden von Rezeptur bis zur Produktion in den Werken in Italien hergestellt. Roverhair nutzt haupts\u00e4chlich Zutaten aus biologischem oder nat\u00fcrlichem Ursprung. Alle Produkte sind vegan und nachhaltig.<\/p>\n<\/div>\n<\/div>\n<\/div><\/div>\n\n\n\n<div class=\"wp-block-group alignfull has-background\" style=\"background-color:#e5e9ec\"><div class=\"wp-block-group__inner-container is-layout-constrained wp-block-group-is-layout-constrained\">\n<div class=\"wp-block-columns is-layout-flex wp-container-core-columns-is-layout-9d6595d7 wp-block-columns-is-layout-flex\">\n<div class=\"wp-block-column is-vertically-aligned-center is-layout-flow wp-block-column-is-layout-flow\">\n<h3 class=\"wp-block-heading\">COLOR.IT<\/h3>\n\n\n\n<p style=\"font-style:normal;font-weight:100\">Durch langj\u00e4hrige Erfahrung im Fachhandel haben wir COLOR.IT mit viel Herzblut, Expertise und Know-how entwickelt. <strong>COLOR.IT<\/strong> bietet hervorragende Farbergebnisse von nat\u00fcrlicher Intensit\u00e4t und sorgt gleichzeitig f\u00fcr optimale Pflege und angenehmen<br>Kopfhautkomfort &#8211; f\u00fcr absolute Geschmeidigkeit und Glanz. Wir legen gro\u00dfen Wert auf die Qualit\u00e4t unserer Produkte und haben dadurch das Vertrauen zahlreicher Coloristen gewinnen k\u00f6nnen.<\/p>\n<\/div>\n\n\n\n<div class=\"wp-block-column is-vertically-aligned-center is-layout-flow wp-block-column-is-layout-flow\">\n<figure class=\"wp-block-image size-large\"><img loading=\"lazy\" decoding=\"async\" width=\"1024\" height=\"767\" src=\"https:\/\/bm-cosmetic.de\/wp-content\/uploads\/2022\/11\/colorit-1024x767.jpg\" alt=\"\" class=\"wp-image-329\" srcset=\"https:\/\/bm-cosmetic.de\/wp-content\/uploads\/2022\/11\/colorit-1024x767.jpg 1024w, https:\/\/bm-cosmetic.de\/wp-content\/uploads\/2022\/11\/colorit-300x225.jpg 300w, https:\/\/bm-cosmetic.de\/wp-content\/uploads\/2022\/11\/colorit-768x576.jpg 768w, https:\/\/bm-cosmetic.de\/wp-content\/uploads\/2022\/11\/colorit-1536x1151.jpg 1536w, https:\/\/bm-cosmetic.de\/wp-content\/uploads\/2022\/11\/colorit.jpg 1600w\" sizes=\"auto, (max-width: 1024px) 100vw, 1024px\" \/><\/figure>\n<\/div>\n<\/div>\n<\/div><\/div>\n\n\n\n<div style=\"height:30px\" aria-hidden=\"true\" class=\"wp-block-spacer\"><\/div>\n\n\n\n<div class=\"wp-block-group alignfull\"><div class=\"wp-block-group__inner-container is-layout-constrained wp-block-group-is-layout-constrained\">\n<div class=\"wp-block-columns is-layout-flex wp-container-core-columns-is-layout-9d6595d7 wp-block-columns-is-layout-flex\">\n<div class=\"wp-block-column is-vertically-aligned-center is-layout-flow wp-block-column-is-layout-flow\">\n<figure class=\"wp-block-image size-large\"><img loading=\"lazy\" decoding=\"async\" width=\"1024\" height=\"767\" src=\"https:\/\/bm-cosmetic.de\/wp-content\/uploads\/2022\/11\/tru-1024x767.jpg\" alt=\"\" class=\"wp-image-333\" srcset=\"https:\/\/bm-cosmetic.de\/wp-content\/uploads\/2022\/11\/tru-1024x767.jpg 1024w, https:\/\/bm-cosmetic.de\/wp-content\/uploads\/2022\/11\/tru-300x225.jpg 300w, https:\/\/bm-cosmetic.de\/wp-content\/uploads\/2022\/11\/tru-768x576.jpg 768w, https:\/\/bm-cosmetic.de\/wp-content\/uploads\/2022\/11\/tru-1536x1151.jpg 1536w, https:\/\/bm-cosmetic.de\/wp-content\/uploads\/2022\/11\/tru.jpg 1600w\" sizes=\"auto, (max-width: 1024px) 100vw, 1024px\" \/><\/figure>\n<\/div>\n\n\n\n<div class=\"wp-block-column is-vertically-aligned-center is-layout-flow wp-block-column-is-layout-flow\">\n<h3 class=\"wp-block-heading\">TRU PROFESSIONAL<\/h3>\n\n\n\n<p style=\"font-style:normal;font-weight:100\"><strong>\u2026 denn auch Pflege ist M\u00e4nnersache<\/strong><br>Die meisten M\u00e4nner sind sich ihres Aussehens bewusster geworden. Sie verbringen viel mehr Zeit mit ihrer K\u00f6rperpflege als noch vor zehn Jahren. Die Zahl der Herrensalons und Barbershops hat sich rasant entwickelt. F\u00fcr viele M\u00e4nner ist der Bart das modische Accessoire schlechthin und repr\u00e4sentiert sowohl Einzigartigkeit als auch Individualit\u00e4t und M\u00e4nnlichkeit. Die Haare stellen f\u00fcr viele M\u00e4nner auch eine Herausforderung dar, besonders Haarausfall.<\/p>\n\n\n\n<p>TRU hat daher professionelle Haarpflege- und Stylingprodukte f\u00fcr M\u00e4nner entwickelt. Wir haben es uns zur Aufgabe gemacht, hochwertige Produkte individuell f\u00fcr alle Herausforderungen des M\u00e4nnerhaars zu entwickeln. Von koffeinhaltigen Shampoos \u00fcber B\u00fcrsten und Rasierwasser bis hin zu Bartf\u00e4rbemitteln ist f\u00fcr jeden etwas dabei.<\/p>\n<\/div>\n<\/div>\n<\/div><\/div>\n\n\n\n<div style=\"height:30px\" aria-hidden=\"true\" class=\"wp-block-spacer\"><\/div>\n\n\n\n<div class=\"wp-block-group alignfull has-background\" style=\"background-color:#e5e9ec\"><div class=\"wp-block-group__inner-container is-layout-constrained wp-block-group-is-layout-constrained\">\n<div class=\"wp-block-columns is-layout-flex wp-container-core-columns-is-layout-9d6595d7 wp-block-columns-is-layout-flex\">\n<div class=\"wp-block-column is-vertically-aligned-center is-layout-flow wp-block-column-is-layout-flow\">\n<h3 class=\"wp-block-heading\">Martin Lion Parfumerie<\/h3>\n\n\n\n<p style=\"font-style:normal;font-weight:100\">Die faszinierende Welt der D\u00fcfte von Martin Lion.<br>Jeder<strong> Martin Lion Duft<\/strong> erz\u00e4hlt eine Geschichte. Unser Geruchssinn kann starke Emotionen in uns ausl\u00f6sen. So ist es eine pers\u00f6nliche Entscheidung, mit welchen D\u00fcften wir uns umgeben wollen und welche wir f\u00fcr uns selbst ausw\u00e4hlen. Entdecken Sie mit den Martin Lion D\u00fcften Ihren neuen Lieblingsduft, der genau zu Ihnen passt und hinterlassen Sie unvergessliche Spuren. Ob s\u00fc\u00df, schwer, herb oder spritzig, Sie werden garantiert Ihren Lieblingsduft f\u00fcr sich finden. Wir pr\u00e4sentieren Ihnen eine Sammlung hochwertiger D\u00fcfte, die von den Bestsellern von Parfums aus verschiedenen Teilen der Welt inspiriert wurden.<\/p>\n<\/div>\n\n\n\n<div class=\"wp-block-column is-vertically-aligned-center is-layout-flow wp-block-column-is-layout-flow\">\n<figure class=\"wp-block-image size-large\"><img loading=\"lazy\" decoding=\"async\" width=\"1024\" height=\"767\" src=\"https:\/\/bm-cosmetic.de\/wp-content\/uploads\/2022\/11\/martinlion-1024x767.jpg\" alt=\"\" class=\"wp-image-336\" srcset=\"https:\/\/bm-cosmetic.de\/wp-content\/uploads\/2022\/11\/martinlion-1024x767.jpg 1024w, https:\/\/bm-cosmetic.de\/wp-content\/uploads\/2022\/11\/martinlion-300x225.jpg 300w, https:\/\/bm-cosmetic.de\/wp-content\/uploads\/2022\/11\/martinlion-768x576.jpg 768w, https:\/\/bm-cosmetic.de\/wp-content\/uploads\/2022\/11\/martinlion-1536x1151.jpg 1536w, https:\/\/bm-cosmetic.de\/wp-content\/uploads\/2022\/11\/martinlion.jpg 1600w\" sizes=\"auto, (max-width: 1024px) 100vw, 1024px\" \/><\/figure>\n<\/div>\n<\/div>\n<\/div><\/div>\n\n\n\n<div style=\"height:31px\" aria-hidden=\"true\" class=\"wp-block-spacer\"><\/div>\n\n\n\n<div class=\"wp-block-group alignfull\"><div class=\"wp-block-group__inner-container is-layout-constrained wp-block-group-is-layout-constrained\">\n<div class=\"wp-block-columns is-layout-flex wp-container-core-columns-is-layout-9d6595d7 wp-block-columns-is-layout-flex\">\n<div class=\"wp-block-column is-vertically-aligned-center is-layout-flow wp-block-column-is-layout-flow\">\n<figure class=\"wp-block-image size-large\"><img loading=\"lazy\" decoding=\"async\" width=\"1024\" height=\"767\" src=\"https:\/\/bm-cosmetic.de\/wp-content\/uploads\/2023\/03\/careit-1024x767.jpg\" alt=\"\" class=\"wp-image-424\" srcset=\"https:\/\/bm-cosmetic.de\/wp-content\/uploads\/2023\/03\/careit-1024x767.jpg 1024w, https:\/\/bm-cosmetic.de\/wp-content\/uploads\/2023\/03\/careit-300x225.jpg 300w, https:\/\/bm-cosmetic.de\/wp-content\/uploads\/2023\/03\/careit-768x576.jpg 768w, https:\/\/bm-cosmetic.de\/wp-content\/uploads\/2023\/03\/careit-1536x1151.jpg 1536w, https:\/\/bm-cosmetic.de\/wp-content\/uploads\/2023\/03\/careit.jpg 1600w\" sizes=\"auto, (max-width: 1024px) 100vw, 1024px\" \/><\/figure>\n<\/div>\n\n\n\n<div class=\"wp-block-column is-vertically-aligned-center is-layout-flow wp-block-column-is-layout-flow\">\n<h3 class=\"wp-block-heading\">CARE.IT<\/h3>\n\n\n\n<p style=\"font-style:normal;font-weight:100\"><strong>THE VEGAN HAIR CARE<\/strong><br>CARE.IT ist eine Marke f\u00fcr professionelle Haarpflegeprodukte mit einzigartigen Rezepturen, die individuelle L\u00f6sungen f\u00fcr jeden Haartyp und jedes Bed\u00fcrfnis bieten. Alle Care.it Produkte enthalten keine Inhaltsstoffe, die von oder aus Tieren produziert werden. Es werden ausschlie\u00dflich Wirkstoffe auf pflanzlicher Basis verwendet. Care.it wird k\u00fcnftig nur noch rein vegane Produkte anbieten und auf Tierversuche verzichten. Denn wir wollen Teil der Ver\u00e4nderung sein, die wir in dieser Welt sehen wollen.<\/p>\n<\/div>\n<\/div>\n<\/div><\/div>\n\n\n\n<div style=\"height:31px\" aria-hidden=\"true\" class=\"wp-block-spacer\"><\/div>\n\n\n\n<p><\/p>\n\n\n\n<div class=\"wp-block-group alignfull has-background\" style=\"background-color:#e5e9ec\"><div class=\"wp-block-group__inner-container is-layout-constrained wp-block-group-is-layout-constrained\">\n<div class=\"wp-block-columns is-layout-flex wp-container-core-columns-is-layout-9d6595d7 wp-block-columns-is-layout-flex\">\n<div class=\"wp-block-column is-vertically-aligned-center is-layout-flow wp-block-column-is-layout-flow\">\n<h3 class=\"wp-block-heading\">Evan Care<\/h3>\n\n\n\n<p style=\"font-style:normal;font-weight:100\">Evan Care bietet professionelle dauerhafte Haargl\u00e4ttung und pers\u00f6nliche Haar- und K\u00f6rperpflege. Die Produktpalette umfasst<br>Proteingl\u00e4ttungen f\u00fcr alle Haartypen, veganes Haarbotox f\u00fcr gesundes, gl\u00e4nzendes und geschmeidiges Haar und ein<br>Reparatursystem, das gesch\u00e4digtes Haar in wenigen Wochen wiederherstellt. Alle Produkte werden in Brasilien hergestellt.<\/p>\n<\/div>\n\n\n\n<div class=\"wp-block-column is-vertically-aligned-center is-layout-flow wp-block-column-is-layout-flow\">\n<figure class=\"wp-block-image size-large\"><img loading=\"lazy\" decoding=\"async\" width=\"1024\" height=\"767\" src=\"https:\/\/bm-cosmetic.de\/wp-content\/uploads\/2022\/11\/evan_care-1024x767.jpg\" alt=\"\" class=\"wp-image-396\" srcset=\"https:\/\/bm-cosmetic.de\/wp-content\/uploads\/2022\/11\/evan_care-1024x767.jpg 1024w, https:\/\/bm-cosmetic.de\/wp-content\/uploads\/2022\/11\/evan_care-300x225.jpg 300w, https:\/\/bm-cosmetic.de\/wp-content\/uploads\/2022\/11\/evan_care-768x576.jpg 768w, https:\/\/bm-cosmetic.de\/wp-content\/uploads\/2022\/11\/evan_care-1536x1151.jpg 1536w, https:\/\/bm-cosmetic.de\/wp-content\/uploads\/2022\/11\/evan_care.jpg 1600w\" sizes=\"auto, (max-width: 1024px) 100vw, 1024px\" \/><\/figure>\n<\/div>\n<\/div>\n<\/div><\/div>\n","protected":false},"excerpt":{"rendered":"<p>ProdukteMit einer Auswahl von 15.000 Produkten bieten wir erstklassige Marken undverschiedene Dienstleistungsangebote. Unsere ExklusivmarkenNeben unserer umfangreichen Produktpalette bieten wir auch professionelle undattraktive Exklusiv- und Eigenmarken an. Fresh &amp; More Ob zu Hause, im B\u00fcro oder im Auto, mit Fresh &amp; More sorgen Sie f\u00fcr eine angenehme Frische an jedem Ort. Von Lufterfrischern bis hin zu &hellip; <\/p>\n<p class=\"link-more\"><a href=\"https:\/\/bm-cosmetic.de\/?page_id=144\" class=\"more-link\">Mehr <span class=\"screen-reader-text\">\u00fcber &#8222;Marken&#8220; <\/span>Lesen<\/a><\/p>\n","protected":false},"author":1,"featured_media":311,"parent":0,"menu_order":0,"comment_status":"closed","ping_status":"closed","template":"","meta":{"_themeisle_gutenberg_block_has_review":false,"footnotes":""},"class_list":["post-144","page","type-page","status-publish","has-post-thumbnail","hentry"],"_links":{"self":[{"href":"https:\/\/bm-cosmetic.de\/index.php?rest_route=\/wp\/v2\/pages\/144","targetHints":{"allow":["GET"]}}],"collection":[{"href":"https:\/\/bm-cosmetic.de\/index.php?rest_route=\/wp\/v2\/pages"}],"about":[{"href":"https:\/\/bm-cosmetic.de\/index.php?rest_route=\/wp\/v2\/types\/page"}],"author":[{"embeddable":true,"href":"https:\/\/bm-cosmetic.de\/index.php?rest_route=\/wp\/v2\/users\/1"}],"replies":[{"embeddable":true,"href":"https:\/\/bm-cosmetic.de\/index.php?rest_route=%2Fwp%2Fv2%2Fcomments&post=144"}],"version-history":[{"count":22,"href":"https:\/\/bm-cosmetic.de\/index.php?rest_route=\/wp\/v2\/pages\/144\/revisions"}],"predecessor-version":[{"id":439,"href":"https:\/\/bm-cosmetic.de\/index.php?rest_route=\/wp\/v2\/pages\/144\/revisions\/439"}],"wp:featuredmedia":[{"embeddable":true,"href":"https:\/\/bm-cosmetic.de\/index.php?rest_route=\/wp\/v2\/media\/311"}],"wp:attachment":[{"href":"https:\/\/bm-cosmetic.de\/index.php?rest_route=%2Fwp%2Fv2%2Fmedia&parent=144"}],"curies":[{"name":"wp","href":"https:\/\/api.w.org\/{rel}","templated":true}]}}